{"id":23,"date":"2023-10-24T17:51:37","date_gmt":"2023-10-24T21:51:37","guid":{"rendered":"https:\/\/labfor-fach.ufms.br\/?page_id=23"},"modified":"2023-10-24T17:55:33","modified_gmt":"2023-10-24T21:55:33","slug":"areas-de-pesquisa","status":"publish","type":"page","link":"https:\/\/labfor-fach.ufms.br\/en\/areas-de-pesquisa\/","title":{"rendered":"\u00c1reas de Pesquisa"},"content":{"rendered":"<p><strong>Bioantropologia, Arqueologia e Antropologia Forense<\/strong><\/p>\n<p>&nbsp;<\/p>\n<p><strong>Tafonomia Forense e Anatomia Aplicada<\/strong><\/p>\n<p>&nbsp;<\/p>\n<p><strong>Identifica\u00e7\u00e3o Humana, Desaparecidos e A\u00e7\u00e3o Humanit\u00e1ria<\/strong><\/p>\n","protected":false},"excerpt":{"rendered":"<p>Bioantropologia, Arqueologia e Antropologia Forense &nbsp; Tafonomia Forense e Anatomia Aplicada &nbsp; Identifica\u00e7\u00e3o Humana, Desaparecidos e A\u00e7\u00e3o Humanit\u00e1ria<\/p>\n","protected":false},"author":21441,"featured_media":0,"parent":0,"menu_order":0,"comment_status":"closed","ping_status":"closed","template":"","meta":{"footnotes":""},"coauthors":[],"class_list":["post-23","page","type-page","status-publish","hentry"],"_links":{"self":[{"href":"https:\/\/labfor-fach.ufms.br\/en\/wp-json\/wp\/v2\/pages\/23","targetHints":{"allow":["GET"]}}],"collection":[{"href":"https:\/\/labfor-fach.ufms.br\/en\/wp-json\/wp\/v2\/pages"}],"about":[{"href":"https:\/\/labfor-fach.ufms.br\/en\/wp-json\/wp\/v2\/types\/page"}],"author":[{"embeddable":true,"href":"https:\/\/labfor-fach.ufms.br\/en\/wp-json\/wp\/v2\/users\/21441"}],"replies":[{"embeddable":true,"href":"https:\/\/labfor-fach.ufms.br\/en\/wp-json\/wp\/v2\/comments?post=23"}],"version-history":[{"count":3,"href":"https:\/\/labfor-fach.ufms.br\/en\/wp-json\/wp\/v2\/pages\/23\/revisions"}],"predecessor-version":[{"id":39,"href":"https:\/\/labfor-fach.ufms.br\/en\/wp-json\/wp\/v2\/pages\/23\/revisions\/39"}],"wp:attachment":[{"href":"https:\/\/labfor-fach.ufms.br\/en\/wp-json\/wp\/v2\/media?parent=23"}],"wp:term":[{"taxonomy":"author","embeddable":true,"href":"https:\/\/labfor-fach.ufms.br\/en\/wp-json\/wp\/v2\/coauthors?post=23"}],"curies":[{"name":"wp","href":"https:\/\/api.w.org\/{rel}","templated":true}]}}