{"id":22,"date":"2023-10-24T17:51:37","date_gmt":"2023-10-24T21:51:37","guid":{"rendered":"https:\/\/labfor-fach.ufms.br\/?page_id=22"},"modified":"2024-02-06T20:01:38","modified_gmt":"2024-02-07T00:01:38","slug":"contatos","status":"publish","type":"page","link":"https:\/\/labfor-fach.ufms.br\/en\/contatos\/","title":{"rendered":"Localiza\u00e7\u00e3o e Contatos"},"content":{"rendered":"<p style=\"text-align: center\"><strong>LABFOR &#8211; Laborat\u00f3rio de Bioantropologia e Antropologia Forense<\/strong><\/p>\n<p style=\"text-align: center\"><strong>Faculdade de Ci\u00eancias Humanas<\/strong><\/p>\n<p style=\"text-align: center\">Bloco FACH II &#8211; Cidade Universit\u00e1ria<\/p>\n<p style=\"text-align: center\">Avenida Costa e Silva s\/n &#8211; Universit\u00e1rio<\/p>\n<p style=\"text-align: center\">Campo Grande &#8211; MS\u00a0 \u00a0 \u00a0 CEP 79070-900<\/p>\n<p style=\"text-align: center\">(67) 3345-7687\u00a0 \u00a0 labfor.ufms@gmail.com<\/p>\n<p style=\"text-align: center\">Siga nosso Instagram:\u00a0<a href=\"https:\/\/www.instagram.com\/labfor.ufms\/\">@labfor.ufms<\/a><\/p>\n<p style=\"text-align: center\">\n","protected":false},"excerpt":{"rendered":"<p>LABFOR &#8211; Laborat\u00f3rio de Bioantropologia e Antropologia Forense Faculdade de Ci\u00eancias Humanas Bloco FACH II &#8211; Cidade Universit\u00e1ria Avenida Costa e Silva s\/n &#8211; Universit\u00e1rio Campo Grande &#8211; MS\u00a0 \u00a0 \u00a0 CEP 79070-900 (67) 3345-7687\u00a0 \u00a0 labfor.ufms@gmail.com Siga nosso Instagram:\u00a0@labfor.ufms<\/p>\n","protected":false},"author":21441,"featured_media":0,"parent":0,"menu_order":0,"comment_status":"closed","ping_status":"closed","template":"","meta":{"footnotes":""},"coauthors":[],"class_list":["post-22","page","type-page","status-publish","hentry"],"_links":{"self":[{"href":"https:\/\/labfor-fach.ufms.br\/en\/wp-json\/wp\/v2\/pages\/22","targetHints":{"allow":["GET"]}}],"collection":[{"href":"https:\/\/labfor-fach.ufms.br\/en\/wp-json\/wp\/v2\/pages"}],"about":[{"href":"https:\/\/labfor-fach.ufms.br\/en\/wp-json\/wp\/v2\/types\/page"}],"author":[{"embeddable":true,"href":"https:\/\/labfor-fach.ufms.br\/en\/wp-json\/wp\/v2\/users\/21441"}],"replies":[{"embeddable":true,"href":"https:\/\/labfor-fach.ufms.br\/en\/wp-json\/wp\/v2\/comments?post=22"}],"version-history":[{"count":4,"href":"https:\/\/labfor-fach.ufms.br\/en\/wp-json\/wp\/v2\/pages\/22\/revisions"}],"predecessor-version":[{"id":230,"href":"https:\/\/labfor-fach.ufms.br\/en\/wp-json\/wp\/v2\/pages\/22\/revisions\/230"}],"wp:attachment":[{"href":"https:\/\/labfor-fach.ufms.br\/en\/wp-json\/wp\/v2\/media?parent=22"}],"wp:term":[{"taxonomy":"author","embeddable":true,"href":"https:\/\/labfor-fach.ufms.br\/en\/wp-json\/wp\/v2\/coauthors?post=22"}],"curies":[{"name":"wp","href":"https:\/\/api.w.org\/{rel}","templated":true}]}}