{"id":20,"date":"2023-10-24T17:51:37","date_gmt":"2023-10-24T21:51:37","guid":{"rendered":"https:\/\/labfor-fach.ufms.br\/?page_id=20"},"modified":"2024-02-06T20:14:49","modified_gmt":"2024-02-07T00:14:49","slug":"institucional","status":"publish","type":"page","link":"https:\/\/labfor-fach.ufms.br\/en\/institucional\/","title":{"rendered":"Institucional"},"content":{"rendered":"<p>O LABFOR &#8211; Laborat\u00f3rio de Bioantropologia e Antropologia Forense da Funda\u00e7\u00e3o Universidade Federal de Mato Grosso do Sul \u00e9 um espa\u00e7o destinado ao desenvolvimento de atividades de ensino, pesquisa, extens\u00e3o e inova\u00e7\u00e3o nas \u00e1reas de Ensino-Aprendizagem, Estudos em Antropologia, Bioantropologia e Antropologia Forense, Arqueologia Forense, Direitos Humanos, Etnicidade, Etnologia e Patrim\u00f4nio Cultural dos cursos de Bacharelado em Ci\u00eancias Sociais e P\u00f3s-Gradua\u00e7\u00e3o em Antropologia Social \/ FACH, com a\u00e7\u00f5es junto aos demais cursos da UFMS. Dessa forma, atrav\u00e9s do uso de tecnologias, metodologias inovadoras em antropometria, osteologia, etnicidade, antropologia forense e divulga\u00e7\u00e3o cient\u00edfica se busca a amplia\u00e7\u00e3o do repert\u00f3rio te\u00f3rico e pr\u00e1tico dos profissionais em forma\u00e7\u00e3o.<\/p>\n","protected":false},"excerpt":{"rendered":"<p>O LABFOR &#8211; Laborat\u00f3rio de Bioantropologia e Antropologia Forense da Funda\u00e7\u00e3o Universidade Federal de Mato Grosso do Sul \u00e9 um espa\u00e7o destinado ao desenvolvimento de atividades de ensino, pesquisa, extens\u00e3o e inova\u00e7\u00e3o nas \u00e1reas de Ensino-Aprendizagem, Estudos em Antropologia, Bioantropologia e Antropologia Forense, Arqueologia Forense, Direitos Humanos, Etnicidade, Etnologia e Patrim\u00f4nio Cultural dos cursos de [&hellip;]<\/p>\n","protected":false},"author":21441,"featured_media":0,"parent":0,"menu_order":0,"comment_status":"closed","ping_status":"closed","template":"","meta":{"footnotes":""},"coauthors":[],"class_list":["post-20","page","type-page","status-publish","hentry"],"_links":{"self":[{"href":"https:\/\/labfor-fach.ufms.br\/en\/wp-json\/wp\/v2\/pages\/20","targetHints":{"allow":["GET"]}}],"collection":[{"href":"https:\/\/labfor-fach.ufms.br\/en\/wp-json\/wp\/v2\/pages"}],"about":[{"href":"https:\/\/labfor-fach.ufms.br\/en\/wp-json\/wp\/v2\/types\/page"}],"author":[{"embeddable":true,"href":"https:\/\/labfor-fach.ufms.br\/en\/wp-json\/wp\/v2\/users\/21441"}],"replies":[{"embeddable":true,"href":"https:\/\/labfor-fach.ufms.br\/en\/wp-json\/wp\/v2\/comments?post=20"}],"version-history":[{"count":4,"href":"https:\/\/labfor-fach.ufms.br\/en\/wp-json\/wp\/v2\/pages\/20\/revisions"}],"predecessor-version":[{"id":234,"href":"https:\/\/labfor-fach.ufms.br\/en\/wp-json\/wp\/v2\/pages\/20\/revisions\/234"}],"wp:attachment":[{"href":"https:\/\/labfor-fach.ufms.br\/en\/wp-json\/wp\/v2\/media?parent=20"}],"wp:term":[{"taxonomy":"author","embeddable":true,"href":"https:\/\/labfor-fach.ufms.br\/en\/wp-json\/wp\/v2\/coauthors?post=20"}],"curies":[{"name":"wp","href":"https:\/\/api.w.org\/{rel}","templated":true}]}}