{"id":19,"date":"2023-10-24T17:51:37","date_gmt":"2023-10-24T21:51:37","guid":{"rendered":"https:\/\/labfor-fach.ufms.br\/?page_id=19"},"modified":"2025-06-27T13:16:02","modified_gmt":"2025-06-27T17:16:02","slug":"equipe","status":"publish","type":"page","link":"https:\/\/labfor-fach.ufms.br\/en\/equipe\/","title":{"rendered":"Equipe"},"content":{"rendered":"<p><strong>Coordenadora: Prof\u00aa Dr\u00aa Priscila Lini<\/strong><\/p>\n<p><img fetchpriority=\"high\" decoding=\"async\" class=\"alignnone size-medium wp-image-121\" src=\"https:\/\/labfor-fach.ufms.br\/files\/2023\/11\/IMG_7867-225x300.jpg\" alt=\"\" width=\"225\" height=\"300\" srcset=\"https:\/\/labfor-fach.ufms.br\/files\/2023\/11\/IMG_7867-225x300.jpg 225w, https:\/\/labfor-fach.ufms.br\/files\/2023\/11\/IMG_7867-769x1024.jpg 769w, https:\/\/labfor-fach.ufms.br\/files\/2023\/11\/IMG_7867-768x1022.jpg 768w, https:\/\/labfor-fach.ufms.br\/files\/2023\/11\/IMG_7867-1154x1536.jpg 1154w, https:\/\/labfor-fach.ufms.br\/files\/2023\/11\/IMG_7867-1539x2048.jpg 1539w, https:\/\/labfor-fach.ufms.br\/files\/2023\/11\/IMG_7867-240x320.jpg 240w, https:\/\/labfor-fach.ufms.br\/files\/2023\/11\/IMG_7867-scaled.jpg 1923w\" sizes=\"(max-width: 225px) 100vw, 225px\" \/><\/p>\n<p><a href=\"http:\/\/lattes.cnpq.br\/1836392146269897\">http:\/\/lattes.cnpq.br\/1836392146269897<\/a><\/p>\n<p>P\u00f3s-Doutora em Direito pela Pontif\u00edcia Universidade Cat\u00f3lica do Paran\u00e1 (2018), doutora (2015) e mestre (2011) em Direito tamb\u00e9m pela Pontif\u00edcia Universidade Cat\u00f3lica do Paran\u00e1, especialista em Antropolog\u00eda F\u00edsica y Forense pelo Instituto de Formaci\u00f3n Profesional en Ciencias Forenses de Madrid\/Espanha (2021), graduada em Direito pela Universidade Estadual do Oeste do Paran\u00e1 (2007) e licenciada em Ci\u00eancias Biol\u00f3gicas pela Faculdade Prominas (2023). Doutoranda em Antropologia Social pelo Programa de P\u00f3s-Gradua\u00e7\u00e3o do Museu Nacional &#8211; Universidade Federal do Rio de Janeiro (PPGAS\/MN). Especializa\u00e7\u00e3o em andamento em Antropologia Forense e T\u00e9cnicas em Arqueologia aplicadas \u00e0 a\u00e7\u00e3o forense humanit\u00e1ria pela Universidade Federal de S\u00e3o Paulo (UNIFESP). Professora Adjunta na Faculdade de Ci\u00eancias Humanas da Funda\u00e7\u00e3o Universidade Federal de Mato Grosso do Sul na gradua\u00e7\u00e3o e na P\u00f3s-Gradua\u00e7\u00e3o em Antropologia Social (PPGAS\/UFMS). Coordenadora do LABFOR &#8211; Laborat\u00f3rio de Bioantropologia e Antropologia Forense. Membro da Associa\u00e7\u00e3o Brasileira de Antropologia (ABA), da Associa\u00e7\u00e3o Brasileira de Antropologia Forense (ABRAF) e do Laborat\u00f3rio de Pesquisas em Etnicidade, Cultura e Desenvolvimento (LACED).<\/p>\n<p>&nbsp;<\/p>\n<p><strong>Docentes Associados:<\/strong><\/p>\n<p>Asher Grochowalski Brum Pereira<\/p>\n<p><a href=\"http:\/\/lattes.cnpq.br\/4223112060182415\">http:\/\/lattes.cnpq.br\/4223112060182415<\/a><\/p>\n<p>&nbsp;<\/p>\n<p><strong>Discentes de Gradua\u00e7\u00e3o:<\/strong><\/p>\n<p>Edileuza Costa Andre (Nutri\u00e7\u00e3o\/FACFAN)<\/p>\n<p><a href=\"http:\/\/lattes.cnpq.br\/6703949736039422\">http:\/\/lattes.cnpq.br\/6703949736039422<\/a><\/p>\n<p><img decoding=\"async\" class=\"alignnone wp-image-316\" src=\"https:\/\/labfor-fach.ufms.br\/files\/2024\/04\/WhatsApp-Image-2024-04-19-at-11.24.44-190x300.jpeg\" alt=\"\" width=\"225\" height=\"356\" srcset=\"https:\/\/labfor-fach.ufms.br\/files\/2024\/04\/WhatsApp-Image-2024-04-19-at-11.24.44-190x300.jpeg 190w, https:\/\/labfor-fach.ufms.br\/files\/2024\/04\/WhatsApp-Image-2024-04-19-at-11.24.44-647x1024.jpeg 647w, https:\/\/labfor-fach.ufms.br\/files\/2024\/04\/WhatsApp-Image-2024-04-19-at-11.24.44-202x320.jpeg 202w, https:\/\/labfor-fach.ufms.br\/files\/2024\/04\/WhatsApp-Image-2024-04-19-at-11.24.44.jpeg 694w\" sizes=\"(max-width: 225px) 100vw, 225px\" \/><\/p>\n<p>&nbsp;<\/p>\n<p>Fabr\u00edcio Galdino Lopes (Odontologia\/FAODO)<\/p>\n<p><a href=\"https:\/\/lattes.cnpq.br\/5106945300364392\">https:\/\/lattes.cnpq.br\/5106945300364392<\/a><\/p>\n<p><img decoding=\"async\" class=\"alignnone size-medium wp-image-158\" src=\"https:\/\/labfor-fach.ufms.br\/files\/2023\/11\/WhatsApp-Image-2023-11-30-at-12.05.34-6-225x300.jpeg\" alt=\"\" width=\"225\" height=\"300\" srcset=\"https:\/\/labfor-fach.ufms.br\/files\/2023\/11\/WhatsApp-Image-2023-11-30-at-12.05.34-6-225x300.jpeg 225w, https:\/\/labfor-fach.ufms.br\/files\/2023\/11\/WhatsApp-Image-2023-11-30-at-12.05.34-6-240x320.jpeg 240w, https:\/\/labfor-fach.ufms.br\/files\/2023\/11\/WhatsApp-Image-2023-11-30-at-12.05.34-6.jpeg 720w\" sizes=\"(max-width: 225px) 100vw, 225px\" \/><\/p>\n<p>&nbsp;<\/p>\n<p>Fernanda Martins (Ci\u00eancias Sociais\/FACH)<\/p>\n<p><a href=\"https:\/\/lattes.cnpq.br\/9065922468129249\">https:\/\/lattes.cnpq.br\/9065922468129249<\/a><\/p>\n<p><img loading=\"lazy\" decoding=\"async\" class=\"alignnone size-medium wp-image-183\" src=\"https:\/\/labfor-fach.ufms.br\/files\/2023\/12\/WhatsApp-Image-2023-12-01-at-12.46.28-225x300.jpeg\" alt=\"\" width=\"225\" height=\"300\" srcset=\"https:\/\/labfor-fach.ufms.br\/files\/2023\/12\/WhatsApp-Image-2023-12-01-at-12.46.28-225x300.jpeg 225w, https:\/\/labfor-fach.ufms.br\/files\/2023\/12\/WhatsApp-Image-2023-12-01-at-12.46.28-240x320.jpeg 240w, https:\/\/labfor-fach.ufms.br\/files\/2023\/12\/WhatsApp-Image-2023-12-01-at-12.46.28.jpeg 768w\" sizes=\"(max-width: 225px) 100vw, 225px\" \/><\/p>\n<p>&nbsp;<\/p>\n<p>Filipe Machado (Ci\u00eancias da Computa\u00e7\u00e3o\/FACOM)<\/p>\n<p><a href=\"http:\/\/lattes.cnpq.br\/5091983824854974\">http:\/\/lattes.cnpq.br\/5091983824854974<\/a><\/p>\n<p><img loading=\"lazy\" decoding=\"async\" class=\"alignnone size-medium wp-image-163\" src=\"https:\/\/labfor-fach.ufms.br\/files\/2023\/11\/WhatsApp-Image-2023-11-30-at-12.05.34-1-225x300.jpeg\" alt=\"\" width=\"225\" height=\"300\" srcset=\"https:\/\/labfor-fach.ufms.br\/files\/2023\/11\/WhatsApp-Image-2023-11-30-at-12.05.34-1-225x300.jpeg 225w, https:\/\/labfor-fach.ufms.br\/files\/2023\/11\/WhatsApp-Image-2023-11-30-at-12.05.34-1-240x320.jpeg 240w, https:\/\/labfor-fach.ufms.br\/files\/2023\/11\/WhatsApp-Image-2023-11-30-at-12.05.34-1.jpeg 768w\" sizes=\"(max-width: 225px) 100vw, 225px\" \/><\/p>\n<p>&nbsp;<\/p>\n<p>Jana\u00edna Silva Perozzi (Ci\u00eancias Sociais\/FACH)<\/p>\n<p><a href=\"http:\/\/lattes.cnpq.br\/9161271197190567\">http:\/\/lattes.cnpq.br\/9161271197190567<\/a><\/p>\n<p><img loading=\"lazy\" decoding=\"async\" class=\"alignnone size-medium wp-image-160\" src=\"https:\/\/labfor-fach.ufms.br\/files\/2023\/11\/WhatsApp-Image-2023-11-30-at-12.05.34-4-225x300.jpeg\" alt=\"\" width=\"225\" height=\"300\" srcset=\"https:\/\/labfor-fach.ufms.br\/files\/2023\/11\/WhatsApp-Image-2023-11-30-at-12.05.34-4-225x300.jpeg 225w, https:\/\/labfor-fach.ufms.br\/files\/2023\/11\/WhatsApp-Image-2023-11-30-at-12.05.34-4-240x320.jpeg 240w, https:\/\/labfor-fach.ufms.br\/files\/2023\/11\/WhatsApp-Image-2023-11-30-at-12.05.34-4.jpeg 768w\" sizes=\"(max-width: 225px) 100vw, 225px\" \/><\/p>\n<p>&nbsp;<\/p>\n<p>Jean Bernardo Gabriel (Odontologia\/FAODO)<\/p>\n<p><a href=\"http:\/\/lattes.cnpq.br\/1104795305097115\">http:\/\/lattes.cnpq.br\/1104795305097115<\/a><\/p>\n<p><img loading=\"lazy\" decoding=\"async\" class=\"alignnone size-medium wp-image-159\" src=\"https:\/\/labfor-fach.ufms.br\/files\/2023\/11\/WhatsApp-Image-2023-11-30-at-12.05.34-5-225x300.jpeg\" alt=\"\" width=\"225\" height=\"300\" srcset=\"https:\/\/labfor-fach.ufms.br\/files\/2023\/11\/WhatsApp-Image-2023-11-30-at-12.05.34-5-225x300.jpeg 225w, https:\/\/labfor-fach.ufms.br\/files\/2023\/11\/WhatsApp-Image-2023-11-30-at-12.05.34-5-240x320.jpeg 240w, https:\/\/labfor-fach.ufms.br\/files\/2023\/11\/WhatsApp-Image-2023-11-30-at-12.05.34-5.jpeg 480w\" sizes=\"(max-width: 225px) 100vw, 225px\" \/><\/p>\n<p>&nbsp;<\/p>\n<p>Julia Rosa da Silva (Ci\u00eancias Sociais\/FACH)<\/p>\n<p><a href=\"http:\/\/lattes.cnpq.br\/3642031258082365\">http:\/\/lattes.cnpq.br\/3642031258082365<\/a><\/p>\n<p><img loading=\"lazy\" decoding=\"async\" class=\"alignnone size-medium wp-image-317\" src=\"https:\/\/labfor-fach.ufms.br\/files\/2024\/04\/WhatsApp-Image-2024-04-19-at-11.24.30-225x300.jpeg\" alt=\"\" width=\"225\" height=\"300\" srcset=\"https:\/\/labfor-fach.ufms.br\/files\/2024\/04\/WhatsApp-Image-2024-04-19-at-11.24.30-225x300.jpeg 225w, https:\/\/labfor-fach.ufms.br\/files\/2024\/04\/WhatsApp-Image-2024-04-19-at-11.24.30-240x320.jpeg 240w, https:\/\/labfor-fach.ufms.br\/files\/2024\/04\/WhatsApp-Image-2024-04-19-at-11.24.30.jpeg 662w\" sizes=\"(max-width: 225px) 100vw, 225px\" \/><\/p>\n<p>&nbsp;<\/p>\n<p>Let\u00edcia Fl\u00e1via Furtado Cabral (Jornalismo\/FAALC)<\/p>\n<p><a href=\"http:\/\/lattes.cnpq.br\/5878834566151818\">http:\/\/lattes.cnpq.br\/5878834566151818<\/a><\/p>\n<p><img loading=\"lazy\" decoding=\"async\" class=\"alignnone size-medium wp-image-332\" src=\"https:\/\/labfor-fach.ufms.br\/files\/2024\/04\/WhatsApp-Image-2024-04-19-at-17.51.29-1-200x300.jpeg\" alt=\"\" width=\"200\" height=\"300\" srcset=\"https:\/\/labfor-fach.ufms.br\/files\/2024\/04\/WhatsApp-Image-2024-04-19-at-17.51.29-1-200x300.jpeg 200w, https:\/\/labfor-fach.ufms.br\/files\/2024\/04\/WhatsApp-Image-2024-04-19-at-17.51.29-1-214x320.jpeg 214w, https:\/\/labfor-fach.ufms.br\/files\/2024\/04\/WhatsApp-Image-2024-04-19-at-17.51.29-1.jpeg 427w\" sizes=\"(max-width: 200px) 100vw, 200px\" \/><\/p>\n<p>&nbsp;<\/p>\n<p>Thamiris Vit\u00f3ria Rosel dos Santos (Ci\u00eancias Sociais\/FACH)<\/p>\n<p><a href=\"http:\/\/lattes.cnpq.br\/4308336639887970\">http:\/\/lattes.cnpq.br\/4308336639887970<\/a><\/p>\n<p><img loading=\"lazy\" decoding=\"async\" class=\"alignnone size-medium wp-image-164\" src=\"https:\/\/labfor-fach.ufms.br\/files\/2023\/11\/WhatsApp-Image-2023-11-30-at-12.05.34-225x300.jpeg\" alt=\"\" width=\"225\" height=\"300\" srcset=\"https:\/\/labfor-fach.ufms.br\/files\/2023\/11\/WhatsApp-Image-2023-11-30-at-12.05.34-225x300.jpeg 225w, https:\/\/labfor-fach.ufms.br\/files\/2023\/11\/WhatsApp-Image-2023-11-30-at-12.05.34-240x320.jpeg 240w, https:\/\/labfor-fach.ufms.br\/files\/2023\/11\/WhatsApp-Image-2023-11-30-at-12.05.34.jpeg 768w\" sizes=\"(max-width: 225px) 100vw, 225px\" \/><\/p>\n<p>&nbsp;<\/p>\n<p>Tayn\u00e1 Raquel da Silva Salinas (Qu\u00edmica\/ INQUI)<\/p>\n<p><a href=\"http:\/\/lattes.cnpq.br\/5753793520531610\">http:\/\/lattes.cnpq.br\/5753793520531610<\/a><\/p>\n<p><img loading=\"lazy\" decoding=\"async\" class=\"alignnone size-medium wp-image-322\" src=\"https:\/\/labfor-fach.ufms.br\/files\/2024\/04\/WhatsApp-Image-2024-04-19-at-12.06.44-135x300.jpeg\" alt=\"\" width=\"135\" height=\"300\" srcset=\"https:\/\/labfor-fach.ufms.br\/files\/2024\/04\/WhatsApp-Image-2024-04-19-at-12.06.44-135x300.jpeg 135w, https:\/\/labfor-fach.ufms.br\/files\/2024\/04\/WhatsApp-Image-2024-04-19-at-12.06.44-461x1024.jpeg 461w, https:\/\/labfor-fach.ufms.br\/files\/2024\/04\/WhatsApp-Image-2024-04-19-at-12.06.44-768x1705.jpeg 768w, https:\/\/labfor-fach.ufms.br\/files\/2024\/04\/WhatsApp-Image-2024-04-19-at-12.06.44-692x1536.jpeg 692w, https:\/\/labfor-fach.ufms.br\/files\/2024\/04\/WhatsApp-Image-2024-04-19-at-12.06.44-923x2048.jpeg 923w, https:\/\/labfor-fach.ufms.br\/files\/2024\/04\/WhatsApp-Image-2024-04-19-at-12.06.44-144x320.jpeg 144w, https:\/\/labfor-fach.ufms.br\/files\/2024\/04\/WhatsApp-Image-2024-04-19-at-12.06.44-scaled.jpeg 1153w\" sizes=\"(max-width: 135px) 100vw, 135px\" \/><\/p>\n<p>&nbsp;<\/p>\n<p>&nbsp;<\/p>\n<p><strong>Discentes de P\u00f3s-Gradua\u00e7\u00e3o:<\/strong><\/p>\n<p>&nbsp;<\/p>\n<p>Ana Cl\u00e1udia G\u00f3es Rocha (PPGAS\/FACH)<\/p>\n<p><a href=\"http:\/\/lattes.cnpq.br\/5241703544097238\">http:\/\/lattes.cnpq.br\/5241703544097238<\/a><\/p>\n<p><img loading=\"lazy\" decoding=\"async\" class=\"alignnone wp-image-161\" src=\"https:\/\/labfor-fach.ufms.br\/files\/2023\/11\/WhatsApp-Image-2023-11-30-at-12.05.34-3-225x300.jpeg\" alt=\"\" width=\"230\" height=\"307\" srcset=\"https:\/\/labfor-fach.ufms.br\/files\/2023\/11\/WhatsApp-Image-2023-11-30-at-12.05.34-3-225x300.jpeg 225w, https:\/\/labfor-fach.ufms.br\/files\/2023\/11\/WhatsApp-Image-2023-11-30-at-12.05.34-3-240x320.jpeg 240w, https:\/\/labfor-fach.ufms.br\/files\/2023\/11\/WhatsApp-Image-2023-11-30-at-12.05.34-3.jpeg 768w\" sizes=\"(max-width: 230px) 100vw, 230px\" \/><\/p>\n<p>&nbsp;<\/p>\n<p>B\u00e1rbara Ferreira \u00c1vila do Carmo (PPGAS\/FACH)<\/p>\n<p><a href=\"http:\/\/lattes.cnpq.br\/0117408575107251\">http:\/\/lattes.cnpq.br\/0117408575107251<\/a><\/p>\n<p><img loading=\"lazy\" decoding=\"async\" class=\"alignnone size-medium wp-image-320\" src=\"https:\/\/labfor-fach.ufms.br\/files\/2024\/04\/WhatsApp-Image-2024-04-19-at-12.00.55-218x300.jpeg\" alt=\"\" width=\"218\" height=\"300\" srcset=\"https:\/\/labfor-fach.ufms.br\/files\/2024\/04\/WhatsApp-Image-2024-04-19-at-12.00.55-218x300.jpeg 218w, https:\/\/labfor-fach.ufms.br\/files\/2024\/04\/WhatsApp-Image-2024-04-19-at-12.00.55-746x1024.jpeg 746w, https:\/\/labfor-fach.ufms.br\/files\/2024\/04\/WhatsApp-Image-2024-04-19-at-12.00.55-768x1055.jpeg 768w, https:\/\/labfor-fach.ufms.br\/files\/2024\/04\/WhatsApp-Image-2024-04-19-at-12.00.55-233x320.jpeg 233w, https:\/\/labfor-fach.ufms.br\/files\/2024\/04\/WhatsApp-Image-2024-04-19-at-12.00.55.jpeg 887w\" sizes=\"(max-width: 218px) 100vw, 218px\" \/><\/p>\n<p>&nbsp;<\/p>\n<p>Maria Julia Silva Marques (PPGAS\/UFMS)<\/p>\n<p><a href=\"http:\/\/lattes.cnpq.br\/0298469549910158\">http:\/\/lattes.cnpq.br\/0298469549910158<\/a><\/p>\n<p><img loading=\"lazy\" decoding=\"async\" class=\"alignnone wp-image-186\" src=\"https:\/\/labfor-fach.ufms.br\/files\/2023\/12\/WhatsApp-Image-2023-12-04-at-12.07.51-225x300.jpeg\" alt=\"\" width=\"230\" height=\"307\" srcset=\"https:\/\/labfor-fach.ufms.br\/files\/2023\/12\/WhatsApp-Image-2023-12-04-at-12.07.51-225x300.jpeg 225w, https:\/\/labfor-fach.ufms.br\/files\/2023\/12\/WhatsApp-Image-2023-12-04-at-12.07.51-240x320.jpeg 240w, https:\/\/labfor-fach.ufms.br\/files\/2023\/12\/WhatsApp-Image-2023-12-04-at-12.07.51.jpeg 768w\" sizes=\"(max-width: 230px) 100vw, 230px\" \/><\/p>\n<p>&nbsp;<\/p>\n<p>Sabrina Lini (PPGRN\/UFMS)<\/p>\n<p><a href=\"http:\/\/lattes.cnpq.br\/0103320959180704\">http:\/\/lattes.cnpq.br\/0103320959180704<\/a><\/p>\n<p><img loading=\"lazy\" decoding=\"async\" class=\"alignnone wp-image-232 \" src=\"https:\/\/labfor-fach.ufms.br\/files\/2024\/02\/Imagem-do-WhatsApp-de-2024-02-06-as-20.08.29_c5815413-e1707264704838-198x300.jpg\" alt=\"\" width=\"215\" height=\"326\" srcset=\"https:\/\/labfor-fach.ufms.br\/files\/2024\/02\/Imagem-do-WhatsApp-de-2024-02-06-as-20.08.29_c5815413-e1707264704838-198x300.jpg 198w, https:\/\/labfor-fach.ufms.br\/files\/2024\/02\/Imagem-do-WhatsApp-de-2024-02-06-as-20.08.29_c5815413-e1707264704838-677x1024.jpg 677w, https:\/\/labfor-fach.ufms.br\/files\/2024\/02\/Imagem-do-WhatsApp-de-2024-02-06-as-20.08.29_c5815413-e1707264704838-212x320.jpg 212w, https:\/\/labfor-fach.ufms.br\/files\/2024\/02\/Imagem-do-WhatsApp-de-2024-02-06-as-20.08.29_c5815413-e1707264704838.jpg 704w\" sizes=\"(max-width: 215px) 100vw, 215px\" \/><\/p>\n<p>&nbsp;<\/p>\n<p><strong>Pesquisadores\/as associados\/as<\/strong><\/p>\n<p>&nbsp;<\/p>\n<p>Giovanna De Souza Lima (Direito\/UEMS)<\/p>\n<p><a href=\"http:\/\/lattes.cnpq.br\/9102980817802229\">http:\/\/lattes.cnpq.br\/9102980817802229<\/a><\/p>\n<p><img loading=\"lazy\" decoding=\"async\" class=\"alignnone wp-image-182\" src=\"https:\/\/labfor-fach.ufms.br\/files\/2023\/12\/WhatsApp-Image-2023-12-01-at-12.35.31-225x300.jpeg\" alt=\"\" width=\"225\" height=\"300\" srcset=\"https:\/\/labfor-fach.ufms.br\/files\/2023\/12\/WhatsApp-Image-2023-12-01-at-12.35.31-225x300.jpeg 225w, https:\/\/labfor-fach.ufms.br\/files\/2023\/12\/WhatsApp-Image-2023-12-01-at-12.35.31-240x320.jpeg 240w, https:\/\/labfor-fach.ufms.br\/files\/2023\/12\/WhatsApp-Image-2023-12-01-at-12.35.31.jpeg 708w\" sizes=\"(max-width: 225px) 100vw, 225px\" \/><\/p>\n<p>&nbsp;<\/p>\n<p>&nbsp;<\/p>\n","protected":false},"excerpt":{"rendered":"<p>Coordenadora: Prof\u00aa Dr\u00aa Priscila Lini http:\/\/lattes.cnpq.br\/1836392146269897 P\u00f3s-Doutora em Direito pela Pontif\u00edcia Universidade Cat\u00f3lica do Paran\u00e1 (2018), doutora (2015) e mestre (2011) em Direito tamb\u00e9m pela Pontif\u00edcia Universidade Cat\u00f3lica do Paran\u00e1, especialista em Antropolog\u00eda F\u00edsica y Forense pelo Instituto de Formaci\u00f3n Profesional en Ciencias Forenses de Madrid\/Espanha (2021), graduada em Direito pela Universidade Estadual do Oeste [&hellip;]<\/p>\n","protected":false},"author":21441,"featured_media":0,"parent":0,"menu_order":0,"comment_status":"closed","ping_status":"closed","template":"","meta":{"footnotes":""},"coauthors":[6],"class_list":["post-19","page","type-page","status-publish","hentry"],"_links":{"self":[{"href":"https:\/\/labfor-fach.ufms.br\/en\/wp-json\/wp\/v2\/pages\/19","targetHints":{"allow":["GET"]}}],"collection":[{"href":"https:\/\/labfor-fach.ufms.br\/en\/wp-json\/wp\/v2\/pages"}],"about":[{"href":"https:\/\/labfor-fach.ufms.br\/en\/wp-json\/wp\/v2\/types\/page"}],"author":[{"embeddable":true,"href":"https:\/\/labfor-fach.ufms.br\/en\/wp-json\/wp\/v2\/users\/21441"}],"replies":[{"embeddable":true,"href":"https:\/\/labfor-fach.ufms.br\/en\/wp-json\/wp\/v2\/comments?post=19"}],"version-history":[{"count":18,"href":"https:\/\/labfor-fach.ufms.br\/en\/wp-json\/wp\/v2\/pages\/19\/revisions"}],"predecessor-version":[{"id":356,"href":"https:\/\/labfor-fach.ufms.br\/en\/wp-json\/wp\/v2\/pages\/19\/revisions\/356"}],"wp:attachment":[{"href":"https:\/\/labfor-fach.ufms.br\/en\/wp-json\/wp\/v2\/media?parent=19"}],"wp:term":[{"taxonomy":"author","embeddable":true,"href":"https:\/\/labfor-fach.ufms.br\/en\/wp-json\/wp\/v2\/coauthors?post=19"}],"curies":[{"name":"wp","href":"https:\/\/api.w.org\/{rel}","templated":true}]}}