{"id":178,"date":"2023-11-30T12:13:24","date_gmt":"2023-11-30T16:13:24","guid":{"rendered":"https:\/\/labfor-fach.ufms.br\/?page_id=178"},"modified":"2024-04-30T11:44:46","modified_gmt":"2024-04-30T15:44:46","slug":"reunioes","status":"publish","type":"page","link":"https:\/\/labfor-fach.ufms.br\/en\/reunioes\/","title":{"rendered":"LABFOR"},"content":{"rendered":"<p>&nbsp;<\/p>\n\n\t\t<style type=\"text\/css\">\n\t\t\t#gallery-1 {\n\t\t\t\tmargin: auto;\n\t\t\t}\n\t\t\t#gallery-1 .gallery-item {\n\t\t\t\tfloat: left;\n\t\t\t\tmargin-top: 10px;\n\t\t\t\ttext-align: center;\n\t\t\t\twidth: 33%;\n\t\t\t}\n\t\t\t#gallery-1 img {\n\t\t\t\tborder: 2px solid #cfcfcf;\n\t\t\t}\n\t\t\t#gallery-1 .gallery-caption {\n\t\t\t\tmargin-left: 0;\n\t\t\t}\n\t\t\t\/* see gallery_shortcode() in wp-includes\/media.php *\/\n\t\t<\/style>\n\t\t<div id='gallery-1' class='gallery galleryid-178 gallery-columns-3 gallery-size-thumbnail'><dl class='gallery-item'>\n\t\t\t<dt class='gallery-icon landscape'>\n\t\t\t\t<a href='https:\/\/labfor-fach.ufms.br\/en\/reunioes\/whatsapp-image-2024-04-29-at-17-29-09-1\/'><img decoding=\"async\" width=\"150\" height=\"150\" src=\"https:\/\/labfor-fach.ufms.br\/files\/2024\/04\/WhatsApp-Image-2024-04-29-at-17.29.09-1-e1714488588868-150x150.jpeg\" class=\"attachment-thumbnail size-thumbnail\" alt=\"\" aria-describedby=\"gallery-1-335\" \/><\/a>\n\t\t\t<\/dt>\n\t\t\t\t<dd class='wp-caption-text gallery-caption' id='gallery-1-335'>\n\t\t\t\tReuni\u00e3o da turma de humanas realizada no LABFOR. Como tema central, foi debatido o texto &#8216;A intr\u00ednseca rela\u00e7\u00e3o entre as antropologias biol\u00f3gica e forense&#8217;, de autoria de Cl\u00e1udia Regina Plens e Katarzyna G\u00f3rka. (29\/04\/2024)\n\t\t\t\t<\/dd><\/dl><dl class='gallery-item'>\n\t\t\t<dt class='gallery-icon landscape'>\n\t\t\t\t<a href='https:\/\/labfor-fach.ufms.br\/en\/reunioes\/whatsapp-image-2024-04-30-at-11-57-51-1\/'><img decoding=\"async\" width=\"150\" height=\"150\" src=\"https:\/\/labfor-fach.ufms.br\/files\/2024\/04\/WhatsApp-Image-2024-04-30-at-11.57.51-1-150x150.jpeg\" class=\"attachment-thumbnail size-thumbnail\" alt=\"\" aria-describedby=\"gallery-1-341\" \/><\/a>\n\t\t\t<\/dt>\n\t\t\t\t<dd class='wp-caption-text gallery-caption' id='gallery-1-341'>\n\t\t\t\tReuni\u00e3o no LABFOR dos pesquisadores das Ci\u00eancias Humanas para debate do texto &#8220;Morfologia craniana e identifica\u00e7\u00e3o de ancestralidade em cemit\u00e9rio conolonial&#8221; dos autores Anderson Liryo, Bruna Ribeiro Pereira e Sheila Mendon\u00e7a de Souza. (15\/04\/2024)\n\t\t\t\t<\/dd><\/dl><dl class='gallery-item'>\n\t\t\t<dt class='gallery-icon landscape'>\n\t\t\t\t<a href='https:\/\/labfor-fach.ufms.br\/en\/reunioes\/whatsapp-image-2024-04-30-at-11-57-51\/'><img decoding=\"async\" width=\"150\" height=\"150\" src=\"https:\/\/labfor-fach.ufms.br\/files\/2024\/04\/WhatsApp-Image-2024-04-30-at-11.57.51-150x150.jpeg\" class=\"attachment-thumbnail size-thumbnail\" alt=\"Reuni\u00e3o no LABFOR com os pesquisadores das Ci\u00eancias Biol\u00f3gicas e Exatas para remontagem de esqueleto anat\u00f4mico. (12\/04\/2024)\" aria-describedby=\"gallery-1-342\" \/><\/a>\n\t\t\t<\/dt>\n\t\t\t\t<dd class='wp-caption-text gallery-caption' id='gallery-1-342'>\n\t\t\t\tReuni\u00e3o no LABFOR com os pesquisadores das Ci\u00eancias Biol\u00f3gicas e Exatas para remontagem de esqueleto anat\u00f4mico. (12\/04\/2024)\n\t\t\t\t<\/dd><\/dl><br style=\"clear: both\" \/><dl class='gallery-item'>\n\t\t\t<dt class='gallery-icon portrait'>\n\t\t\t\t<a href='https:\/\/labfor-fach.ufms.br\/en\/reunioes\/whatsapp-image-2024-04-30-at-11-57-49\/'><img loading=\"lazy\" decoding=\"async\" width=\"150\" height=\"150\" src=\"https:\/\/labfor-fach.ufms.br\/files\/2024\/04\/WhatsApp-Image-2024-04-30-at-11.57.49-150x150.jpeg\" class=\"attachment-thumbnail size-thumbnail\" alt=\"\" aria-describedby=\"gallery-1-343\" \/><\/a>\n\t\t\t<\/dt>\n\t\t\t\t<dd class='wp-caption-text gallery-caption' id='gallery-1-343'>\n\t\t\t\tReuni\u00e3o de integra\u00e7\u00e3o dos novos Labfriends (participantes) do LABFOR. (08\/04\/2024)\n\t\t\t\t<\/dd><\/dl><dl class='gallery-item'>\n\t\t\t<dt class='gallery-icon landscape'>\n\t\t\t\t<a href='https:\/\/labfor-fach.ufms.br\/en\/reunioes\/8d9d8798-2a8c-4615-bde1-14efce17d066\/'><img loading=\"lazy\" decoding=\"async\" width=\"150\" height=\"150\" src=\"https:\/\/labfor-fach.ufms.br\/files\/2024\/03\/8d9d8798-2a8c-4615-bde1-14efce17d066-150x150.jpg\" class=\"attachment-thumbnail size-thumbnail\" alt=\"\" aria-describedby=\"gallery-1-304\" \/><\/a>\n\t\t\t<\/dt>\n\t\t\t\t<dd class='wp-caption-text gallery-caption' id='gallery-1-304'>\n\t\t\t\tPesquisadoras do LABFOR realizando pesquisa de campo no Cemit\u00e9rio Santo Amaro. (28\/03\/24)\n\t\t\t\t<\/dd><\/dl><dl class='gallery-item'>\n\t\t\t<dt class='gallery-icon landscape'>\n\t\t\t\t<a href='https:\/\/labfor-fach.ufms.br\/en\/reunioes\/d20437e5-0911-4590-a325-e267d03e5a1c-2\/'><img loading=\"lazy\" decoding=\"async\" width=\"150\" height=\"150\" src=\"https:\/\/labfor-fach.ufms.br\/files\/2024\/03\/d20437e5-0911-4590-a325-e267d03e5a1c-1-150x150.jpg\" class=\"attachment-thumbnail size-thumbnail\" alt=\"Reuni\u00e3o realizada no LABFOR, onde foi debatido o texto &quot;Procedimentos em exuma\u00e7\u00f5es para investiga\u00e7\u00e3o de v\u00ednculo gen\u00e9tico&quot; dos autores Jo\u00e3o Arnaldo Dami\u00e3o Melki, Carmen Cinira Santos Martin e Aguinaldo Luiz Sim\u00f5es. (25\/03\/24)\" aria-describedby=\"gallery-1-305\" \/><\/a>\n\t\t\t<\/dt>\n\t\t\t\t<dd class='wp-caption-text gallery-caption' id='gallery-1-305'>\n\t\t\t\tReuni\u00e3o realizada para debate do texto &#8220;Procedimentos em exuma\u00e7\u00f5es para investiga\u00e7\u00e3o de v\u00ednculo gen\u00e9tico&#8221; dos autores Jo\u00e3o Arnaldo Dami\u00e3o Melki, Carmen Cinira Santos Martin e Aguinaldo Luiz Sim\u00f5es. (25\/03\/24)\n\t\t\t\t<\/dd><\/dl><br style=\"clear: both\" \/><dl class='gallery-item'>\n\t\t\t<dt class='gallery-icon landscape'>\n\t\t\t\t<a href='https:\/\/labfor-fach.ufms.br\/en\/reunioes\/bb506be2-77c6-4f82-aaa2-66bb65133c1d\/'><img loading=\"lazy\" decoding=\"async\" width=\"150\" height=\"150\" src=\"https:\/\/labfor-fach.ufms.br\/files\/2024\/03\/bb506be2-77c6-4f82-aaa2-66bb65133c1d-150x150.jpg\" class=\"attachment-thumbnail size-thumbnail\" alt=\"\" aria-describedby=\"gallery-1-296\" \/><\/a>\n\t\t\t<\/dt>\n\t\t\t\t<dd class='wp-caption-text gallery-caption' id='gallery-1-296'>\n\t\t\t\tReuni\u00e3o no LABFOR realizada para discutir o progresso das pesquisas das acad\u00eamicas e elabora\u00e7\u00e3o de novos projetos. (11\/03\/2024)\n\t\t\t\t<\/dd><\/dl><dl class='gallery-item'>\n\t\t\t<dt class='gallery-icon landscape'>\n\t\t\t\t<a href='https:\/\/labfor-fach.ufms.br\/en\/reunioes\/79b38b90-98fe-46e3-92e7-baf6dedf7ad3\/'><img loading=\"lazy\" decoding=\"async\" width=\"150\" height=\"150\" src=\"https:\/\/labfor-fach.ufms.br\/files\/2024\/03\/79b38b90-98fe-46e3-92e7-baf6dedf7ad3-150x150.jpg\" class=\"attachment-thumbnail size-thumbnail\" alt=\"\" aria-describedby=\"gallery-1-257\" \/><\/a>\n\t\t\t<\/dt>\n\t\t\t\t<dd class='wp-caption-text gallery-caption' id='gallery-1-257'>\n\t\t\t\tPesquisadora Ana Goes desenvolvendo atividades no LABFOR. (28\/02\/2024)\n\t\t\t\t<\/dd><\/dl><dl class='gallery-item'>\n\t\t\t<dt class='gallery-icon landscape'>\n\t\t\t\t<a href='https:\/\/labfor-fach.ufms.br\/en\/reunioes\/5647f9d4-0eaf-48b8-89f7-1365050688fb\/'><img loading=\"lazy\" decoding=\"async\" width=\"150\" height=\"150\" src=\"https:\/\/labfor-fach.ufms.br\/files\/2024\/03\/5647f9d4-0eaf-48b8-89f7-1365050688fb-150x150.jpg\" class=\"attachment-thumbnail size-thumbnail\" alt=\"\" aria-describedby=\"gallery-1-258\" \/><\/a>\n\t\t\t<\/dt>\n\t\t\t\t<dd class='wp-caption-text gallery-caption' id='gallery-1-258'>\n\t\t\t\tPesquisadoras Thain\u00e1 Silva e Maria Julia participando de uma reuni\u00e3o de atualiza\u00e7\u00e3o do Curr\u00edculo Lattes no LABFOR. (22\/02\/2024)\n\t\t\t\t<\/dd><\/dl><br style=\"clear: both\" \/><dl class='gallery-item'>\n\t\t\t<dt class='gallery-icon landscape'>\n\t\t\t\t<a href='https:\/\/labfor-fach.ufms.br\/en\/reunioes\/d83de55f-06b8-4a03-88f0-044d3addfc45\/'><img loading=\"lazy\" decoding=\"async\" width=\"150\" height=\"150\" src=\"https:\/\/labfor-fach.ufms.br\/files\/2024\/03\/d83de55f-06b8-4a03-88f0-044d3addfc45-150x150.jpg\" class=\"attachment-thumbnail size-thumbnail\" alt=\"Pesquisadora Janaina Perozzi participando de uma reuni\u00e3o de atualiza\u00e7\u00e3o do Curr\u00edculo Lattes no LABFOR. (22\/02\/2024)\" aria-describedby=\"gallery-1-259\" \/><\/a>\n\t\t\t<\/dt>\n\t\t\t\t<dd class='wp-caption-text gallery-caption' id='gallery-1-259'>\n\t\t\t\tPesquisadora Janaina Perozzi participando de uma reuni\u00e3o de atualiza\u00e7\u00e3o do Curr\u00edculo Lattes no LABFOR. (22\/02\/2024)\n\t\t\t\t<\/dd><\/dl><dl class='gallery-item'>\n\t\t\t<dt class='gallery-icon landscape'>\n\t\t\t\t<a href='https:\/\/labfor-fach.ufms.br\/en\/reunioes\/f3506672-5a08-4eca-be76-cfb29c147152\/'><img loading=\"lazy\" decoding=\"async\" width=\"150\" height=\"150\" src=\"https:\/\/labfor-fach.ufms.br\/files\/2024\/03\/f3506672-5a08-4eca-be76-cfb29c147152-150x150.jpg\" class=\"attachment-thumbnail size-thumbnail\" alt=\"\" aria-describedby=\"gallery-1-260\" \/><\/a>\n\t\t\t<\/dt>\n\t\t\t\t<dd class='wp-caption-text gallery-caption' id='gallery-1-260'>\n\t\t\t\tPesquisadoras Maria Julia e Thamiris Rosel participando de uma reuni\u00e3o de atualiza\u00e7\u00e3o do Curr\u00edculo Lattes no LABFOR. (22\/02\/2024)\n\t\t\t\t<\/dd><\/dl><dl class='gallery-item'>\n\t\t\t<dt class='gallery-icon landscape'>\n\t\t\t\t<a href='https:\/\/labfor-fach.ufms.br\/en\/laboratorio-de-bioantropologia-e-antropologia-forense-retorna-suas-atividades\/whatsapp-image-2024-02-06-at-17-19-51\/'><img loading=\"lazy\" decoding=\"async\" width=\"150\" height=\"150\" src=\"https:\/\/labfor-fach.ufms.br\/files\/2024\/02\/WhatsApp-Image-2024-02-06-at-17.19.51-150x150.jpeg\" class=\"attachment-thumbnail size-thumbnail\" alt=\"\" aria-describedby=\"gallery-1-237\" \/><\/a>\n\t\t\t<\/dt>\n\t\t\t\t<dd class='wp-caption-text gallery-caption' id='gallery-1-237'>\n\t\t\t\tPrimeira reuni\u00e3o do LABFOR em 2024 para discutir e planejar os novos projetos do ano. (06\/02\/2024)\n\t\t\t\t<\/dd><\/dl><br style=\"clear: both\" \/><dl class='gallery-item'>\n\t\t\t<dt class='gallery-icon landscape'>\n\t\t\t\t<a href='https:\/\/labfor-fach.ufms.br\/en\/reunioes\/whatsapp-image-2023-11-27-at-18-14-44-1\/'><img loading=\"lazy\" decoding=\"async\" width=\"150\" height=\"150\" src=\"https:\/\/labfor-fach.ufms.br\/files\/2023\/12\/WhatsApp-Image-2023-11-27-at-18.14.44-1-150x150.jpeg\" class=\"attachment-thumbnail size-thumbnail\" alt=\"\" aria-describedby=\"gallery-1-212\" \/><\/a>\n\t\t\t<\/dt>\n\t\t\t\t<dd class='wp-caption-text gallery-caption' id='gallery-1-212'>\n\t\t\t\tReuni\u00e3o no LABFOR de aprofundamento te\u00f3rico-metodol\u00f3gico em Tafonomia Forense. (09\/11\/2023)\n\t\t\t\t<\/dd><\/dl>\n\t\t\t<br style='clear: both' \/>\n\t\t<\/div>\n\n","protected":false},"excerpt":{"rendered":"<p>&nbsp;<\/p>\n","protected":false},"author":37246,"featured_media":0,"parent":0,"menu_order":0,"comment_status":"closed","ping_status":"closed","template":"","meta":{"footnotes":""},"coauthors":[],"class_list":["post-178","page","type-page","status-publish","hentry"],"_links":{"self":[{"href":"https:\/\/labfor-fach.ufms.br\/en\/wp-json\/wp\/v2\/pages\/178","targetHints":{"allow":["GET"]}}],"collection":[{"href":"https:\/\/labfor-fach.ufms.br\/en\/wp-json\/wp\/v2\/pages"}],"about":[{"href":"https:\/\/labfor-fach.ufms.br\/en\/wp-json\/wp\/v2\/types\/page"}],"author":[{"embeddable":true,"href":"https:\/\/labfor-fach.ufms.br\/en\/wp-json\/wp\/v2\/users\/37246"}],"replies":[{"embeddable":true,"href":"https:\/\/labfor-fach.ufms.br\/en\/wp-json\/wp\/v2\/comments?post=178"}],"version-history":[{"count":14,"href":"https:\/\/labfor-fach.ufms.br\/en\/wp-json\/wp\/v2\/pages\/178\/revisions"}],"predecessor-version":[{"id":344,"href":"https:\/\/labfor-fach.ufms.br\/en\/wp-json\/wp\/v2\/pages\/178\/revisions\/344"}],"wp:attachment":[{"href":"https:\/\/labfor-fach.ufms.br\/en\/wp-json\/wp\/v2\/media?parent=178"}],"wp:term":[{"taxonomy":"author","embeddable":true,"href":"https:\/\/labfor-fach.ufms.br\/en\/wp-json\/wp\/v2\/coauthors?post=178"}],"curies":[{"name":"wp","href":"https:\/\/api.w.org\/{rel}","templated":true}]}}