{"id":175,"date":"2023-11-30T12:12:43","date_gmt":"2023-11-30T16:12:43","guid":{"rendered":"https:\/\/labfor-fach.ufms.br\/?page_id=175"},"modified":"2024-04-30T11:24:31","modified_gmt":"2024-04-30T15:24:31","slug":"parcerias-com-a-inbio","status":"publish","type":"page","link":"https:\/\/labfor-fach.ufms.br\/en\/parcerias-com-a-inbio\/","title":{"rendered":"Parcerias"},"content":{"rendered":"\n\t\t<style type=\"text\/css\">\n\t\t\t#gallery-1 {\n\t\t\t\tmargin: auto;\n\t\t\t}\n\t\t\t#gallery-1 .gallery-item {\n\t\t\t\tfloat: left;\n\t\t\t\tmargin-top: 10px;\n\t\t\t\ttext-align: center;\n\t\t\t\twidth: 33%;\n\t\t\t}\n\t\t\t#gallery-1 img {\n\t\t\t\tborder: 2px solid #cfcfcf;\n\t\t\t}\n\t\t\t#gallery-1 .gallery-caption {\n\t\t\t\tmargin-left: 0;\n\t\t\t}\n\t\t\t\/* see gallery_shortcode() in wp-includes\/media.php *\/\n\t\t<\/style>\n\t\t<div id='gallery-1' class='gallery galleryid-175 gallery-columns-3 gallery-size-thumbnail'><dl class='gallery-item'>\n\t\t\t<dt class='gallery-icon portrait'>\n\t\t\t\t<a href='https:\/\/labfor-fach.ufms.br\/en\/reunioes\/whatsapp-image-2023-11-27-at-18-14-43-2\/'><img decoding=\"async\" width=\"150\" height=\"150\" src=\"https:\/\/labfor-fach.ufms.br\/files\/2023\/12\/WhatsApp-Image-2023-11-27-at-18.14.43-150x150.jpeg\" class=\"attachment-thumbnail size-thumbnail\" alt=\"\" aria-describedby=\"gallery-1-215\" \/><\/a>\n\t\t\t<\/dt>\n\t\t\t\t<dd class='wp-caption-text gallery-caption' id='gallery-1-215'>\n\t\t\t\tPesquisadora Ana Goes sendo orientada por Priscila Lini na remontagem de um esqueleto completo. (10\/11\/2023)\n\t\t\t\t<\/dd><\/dl><dl class='gallery-item'>\n\t\t\t<dt class='gallery-icon portrait'>\n\t\t\t\t<a href='https:\/\/labfor-fach.ufms.br\/en\/reunioes\/whatsapp-image-2023-11-27-at-18-14-43-1\/'><img decoding=\"async\" width=\"150\" height=\"150\" src=\"https:\/\/labfor-fach.ufms.br\/files\/2023\/12\/WhatsApp-Image-2023-11-27-at-18.14.43-1-150x150.jpeg\" class=\"attachment-thumbnail size-thumbnail\" alt=\"\" aria-describedby=\"gallery-1-214\" \/><\/a>\n\t\t\t<\/dt>\n\t\t\t\t<dd class='wp-caption-text gallery-caption' id='gallery-1-214'>\n\t\t\t\tPesquisadora Thamiris Rosel aplicando t\u00e9cnicas de craniometria. (10\/11\/2023)\n\t\t\t\t<\/dd><\/dl><dl class='gallery-item'>\n\t\t\t<dt class='gallery-icon portrait'>\n\t\t\t\t<a href='https:\/\/labfor-fach.ufms.br\/en\/reunioes\/whatsapp-image-2023-11-27-at-18-14-44\/'><img decoding=\"async\" width=\"150\" height=\"150\" src=\"https:\/\/labfor-fach.ufms.br\/files\/2023\/12\/WhatsApp-Image-2023-11-27-at-18.14.44-150x150.jpeg\" class=\"attachment-thumbnail size-thumbnail\" alt=\"\" aria-describedby=\"gallery-1-213\" \/><\/a>\n\t\t\t<\/dt>\n\t\t\t\t<dd class='wp-caption-text gallery-caption' id='gallery-1-213'>\n\t\t\t\tPesquisadora Janaina Perozzi aplicando t\u00e9cnicas de craniometria. (10\/11\/2023)\n\t\t\t\t<\/dd><\/dl><br style=\"clear: both\" \/><dl class='gallery-item'>\n\t\t\t<dt class='gallery-icon portrait'>\n\t\t\t\t<a href='https:\/\/labfor-fach.ufms.br\/en\/reunioes\/whatsapp-image-2023-11-27-at-18-14-44-2\/'><img loading=\"lazy\" decoding=\"async\" width=\"150\" height=\"150\" src=\"https:\/\/labfor-fach.ufms.br\/files\/2023\/12\/WhatsApp-Image-2023-11-27-at-18.14.44-2-150x150.jpeg\" class=\"attachment-thumbnail size-thumbnail\" alt=\"\" aria-describedby=\"gallery-1-211\" \/><\/a>\n\t\t\t<\/dt>\n\t\t\t\t<dd class='wp-caption-text gallery-caption' id='gallery-1-211'>\n\t\t\t\tPesquisadoras do LABFOR analisando afinidade ancestral dos cr\u00e2nios. (08\/11\/2023)\n\t\t\t\t<\/dd><\/dl><dl class='gallery-item'>\n\t\t\t<dt class='gallery-icon portrait'>\n\t\t\t\t<a href='https:\/\/labfor-fach.ufms.br\/en\/reunioes\/whatsapp-image-2023-11-27-at-18-14-44-5\/'><img loading=\"lazy\" decoding=\"async\" width=\"150\" height=\"150\" src=\"https:\/\/labfor-fach.ufms.br\/files\/2023\/12\/WhatsApp-Image-2023-11-27-at-18.14.44-5-150x150.jpeg\" class=\"attachment-thumbnail size-thumbnail\" alt=\"\" aria-describedby=\"gallery-1-208\" \/><\/a>\n\t\t\t<\/dt>\n\t\t\t\t<dd class='wp-caption-text gallery-caption' id='gallery-1-208'>\n\t\t\t\tPesquisadoras do LABFOR analisando afinidade ancestral dos cr\u00e2nios. (08\/11\/2023)\n\t\t\t\t<\/dd><\/dl><dl class='gallery-item'>\n\t\t\t<dt class='gallery-icon portrait'>\n\t\t\t\t<a href='https:\/\/labfor-fach.ufms.br\/en\/reunioes\/whatsapp-image-2023-11-27-at-18-17-25\/'><img loading=\"lazy\" decoding=\"async\" width=\"150\" height=\"150\" src=\"https:\/\/labfor-fach.ufms.br\/files\/2023\/12\/WhatsApp-Image-2023-11-27-at-18.17.25-150x150.jpeg\" class=\"attachment-thumbnail size-thumbnail\" alt=\"\" aria-describedby=\"gallery-1-204\" \/><\/a>\n\t\t\t<\/dt>\n\t\t\t\t<dd class='wp-caption-text gallery-caption' id='gallery-1-204'>\n\t\t\t\tProf\u00aa Dr\u00aa Priscila e pesquisadora Janaina em atividades pr\u00e1ticas no laborat\u00f3rio do INBIO. (20\/10\/2023)\n\t\t\t\t<\/dd><\/dl><br style=\"clear: both\" \/><dl class='gallery-item'>\n\t\t\t<dt class='gallery-icon portrait'>\n\t\t\t\t<a href='https:\/\/labfor-fach.ufms.br\/en\/reunioes\/whatsapp-image-2023-11-27-at-18-17-25-2\/'><img loading=\"lazy\" decoding=\"async\" width=\"150\" height=\"150\" src=\"https:\/\/labfor-fach.ufms.br\/files\/2023\/12\/WhatsApp-Image-2023-11-27-at-18.17.25-2-150x150.jpeg\" class=\"attachment-thumbnail size-thumbnail\" alt=\"\" aria-describedby=\"gallery-1-202\" \/><\/a>\n\t\t\t<\/dt>\n\t\t\t\t<dd class='wp-caption-text gallery-caption' id='gallery-1-202'>\n\t\t\t\tProf\u00aa Dr\u00aa Priscila e pesquisadora Thamiris em atividades pr\u00e1ticas no laborat\u00f3rio do INBIO. (20\/10\/2023)\n\t\t\t\t<\/dd><\/dl><dl class='gallery-item'>\n\t\t\t<dt class='gallery-icon portrait'>\n\t\t\t\t<a href='https:\/\/labfor-fach.ufms.br\/en\/whatsapp-image-2023-12-07-at-13-58-06-1\/'><img loading=\"lazy\" decoding=\"async\" width=\"150\" height=\"150\" src=\"https:\/\/labfor-fach.ufms.br\/files\/2023\/12\/WhatsApp-Image-2023-12-07-at-13.58.06-1-150x150.jpeg\" class=\"attachment-thumbnail size-thumbnail\" alt=\"\" aria-describedby=\"gallery-1-226\" \/><\/a>\n\t\t\t<\/dt>\n\t\t\t\t<dd class='wp-caption-text gallery-caption' id='gallery-1-226'>\n\t\t\t\tPesquisadora Janaina do LABFOR na ida a campo no Parque Natural do Templo dos Pilares, em Alcin\u00f3polis-MS, para pesquisas em presen\u00e7a ancestral nos territ\u00f3rios, realizando estudos de bioantropologia e arqueologia, em colabora\u00e7\u00e3o com nossos colegas do laborat\u00f3rio ATRIVM.  (25\/09\/2023)\n\t\t\t\t<\/dd><\/dl><dl class='gallery-item'>\n\t\t\t<dt class='gallery-icon portrait'>\n\t\t\t\t<a href='https:\/\/labfor-fach.ufms.br\/en\/whatsapp-image-2023-12-07-at-13-58-06\/'><img loading=\"lazy\" decoding=\"async\" width=\"150\" height=\"150\" src=\"https:\/\/labfor-fach.ufms.br\/files\/2023\/12\/WhatsApp-Image-2023-12-07-at-13.58.06-150x150.jpeg\" class=\"attachment-thumbnail size-thumbnail\" alt=\"\" aria-describedby=\"gallery-1-227\" \/><\/a>\n\t\t\t<\/dt>\n\t\t\t\t<dd class='wp-caption-text gallery-caption' id='gallery-1-227'>\n\t\t\t\tCoordenadora Priscila Lini e pesquisadora Janaina Perozzi do LABFOR na ida a campo no Parque Natural do Templo dos Pilares, em Alcin\u00f3polis-MS, para pesquisas em presen\u00e7a ancestral nos territ\u00f3rios, realizando estudos de bioantropologia e arqueologia, em colabora\u00e7\u00e3o com nossos colegas do laborat\u00f3rio ATRIVM. (25\/09\/2023)\n\t\t\t\t<\/dd><\/dl><br style=\"clear: both\" \/><dl class='gallery-item'>\n\t\t\t<dt class='gallery-icon portrait'>\n\t\t\t\t<a href='https:\/\/labfor-fach.ufms.br\/en\/whatsapp-image-2023-12-07-at-13-58-07\/'><img loading=\"lazy\" decoding=\"async\" width=\"150\" height=\"150\" src=\"https:\/\/labfor-fach.ufms.br\/files\/2023\/12\/WhatsApp-Image-2023-12-07-at-13.58.07-150x150.jpeg\" class=\"attachment-thumbnail size-thumbnail\" alt=\"\" aria-describedby=\"gallery-1-225\" \/><\/a>\n\t\t\t<\/dt>\n\t\t\t\t<dd class='wp-caption-text gallery-caption' id='gallery-1-225'>\n\t\t\t\tCoordenadora Priscila do LABFOR na ida a campo no Parque Natural do Templo dos Pilares, em Alcin\u00f3polis-MS, para pesquisas em presen\u00e7a ancestral nos territ\u00f3rios, realizando estudos de bioantropologia e arqueologia, em colabora\u00e7\u00e3o com nossos colegas do laborat\u00f3rio ATRIVM.  (25\/09\/2023)\n\t\t\t\t<\/dd><\/dl><dl class='gallery-item'>\n\t\t\t<dt class='gallery-icon portrait'>\n\t\t\t\t<a href='https:\/\/labfor-fach.ufms.br\/en\/whatsapp-image-2023-12-07-at-13-58-07-1\/'><img loading=\"lazy\" decoding=\"async\" width=\"150\" height=\"150\" src=\"https:\/\/labfor-fach.ufms.br\/files\/2023\/12\/WhatsApp-Image-2023-12-07-at-13.58.07-1-150x150.jpeg\" class=\"attachment-thumbnail size-thumbnail\" alt=\"\" aria-describedby=\"gallery-1-224\" \/><\/a>\n\t\t\t<\/dt>\n\t\t\t\t<dd class='wp-caption-text gallery-caption' id='gallery-1-224'>\n\t\t\t\tCoordenadora Priscila Lini e pesquisadora Janaina Perozzi do LABFOR na ida a campo no Parque Natural do Templo dos Pilares, em Alcin\u00f3polis-MS, para pesquisas em presen\u00e7a ancestral nos territ\u00f3rios, realizando estudos de bioantropologia e arqueologia, em colabora\u00e7\u00e3o com nossos colegas do laborat\u00f3rio ATRIVM. (25\/09\/2023)\n\t\t\t\t<\/dd><\/dl><dl class='gallery-item'>\n\t\t\t<dt class='gallery-icon portrait'>\n\t\t\t\t<a href='https:\/\/labfor-fach.ufms.br\/en\/whatsapp-image-2023-12-07-at-13-58-08\/'><img loading=\"lazy\" decoding=\"async\" width=\"150\" height=\"150\" src=\"https:\/\/labfor-fach.ufms.br\/files\/2023\/12\/WhatsApp-Image-2023-12-07-at-13.58.08-150x150.jpeg\" class=\"attachment-thumbnail size-thumbnail\" alt=\"\" aria-describedby=\"gallery-1-223\" \/><\/a>\n\t\t\t<\/dt>\n\t\t\t\t<dd class='wp-caption-text gallery-caption' id='gallery-1-223'>\n\t\t\t\tCoordenadora Priscila Lini e pesquisadora Janaina Perozzi do LABFOR na ida a campo no Parque Natural do Templo dos Pilares, em Alcin\u00f3polis-MS, para pesquisas em presen\u00e7a ancestral nos territ\u00f3rios, realizando estudos de bioantropologia e arqueologia, em colabora\u00e7\u00e3o com nossos colegas do laborat\u00f3rio ATRIVM. (25\/09\/2023)(25\/09\/2023)\n\t\t\t\t<\/dd><\/dl><br style=\"clear: both\" \/><dl class='gallery-item'>\n\t\t\t<dt class='gallery-icon portrait'>\n\t\t\t\t<a href='https:\/\/labfor-fach.ufms.br\/en\/galeria-do-labfor\/1hoje-nossas-pesquisadoras-ana-goes-e-janaina-perozzi-estiveram-em-uma-sessao-pratica-de-limpeza-e-descontaminacao-de-materiais-osteologicos-em-conjunto-com-a-equipe-tecnica-do-inbio-camila-carla\/'><img loading=\"lazy\" decoding=\"async\" width=\"150\" height=\"150\" src=\"https:\/\/labfor-fach.ufms.br\/files\/2023\/11\/1Hoje-nossas-pesquisadoras-Ana-Goes-e-janaina-Perozzi-estiveram-em-uma-sessao-pratica-de-limpeza-e-descontaminacao-de-materiais-osteologicos-em-conjunto-com-a-equipe-tecnica-do-Inbio-Camila-Carla-150x150.png\" class=\"attachment-thumbnail size-thumbnail\" alt=\"\" aria-describedby=\"gallery-1-144\" \/><\/a>\n\t\t\t<\/dt>\n\t\t\t\t<dd class='wp-caption-text gallery-caption' id='gallery-1-144'>\n\t\t\t\tPesquisadora Janaina Perozzi em uma sess\u00e3o pr\u00e1tica de limpeza e descontamina\u00e7\u00e3o de materiais osteol\u00f3gicos, em conjunto com a equipe do INBIO (Camila, Carla e D\u00e9bora) e a professora Priscila Lini. (23\/08\/2023)\n\t\t\t\t<\/dd><\/dl><dl class='gallery-item'>\n\t\t\t<dt class='gallery-icon portrait'>\n\t\t\t\t<a href='https:\/\/labfor-fach.ufms.br\/en\/galeria-do-labfor\/hoje-nossas-pesquisadoras-ana-goes-e-janaina-perozzi-estiveram-em-uma-sessao-pratica-de-limpeza-e-descontaminacao-de-materiais-osteologicos-em-conjunto-com-a-equipe-tecnica-do-inbio-camila-carla\/'><img loading=\"lazy\" decoding=\"async\" width=\"150\" height=\"150\" src=\"https:\/\/labfor-fach.ufms.br\/files\/2023\/11\/Hoje-nossas-pesquisadoras-Ana-Goes-e-janaina-Perozzi-estiveram-em-uma-sessao-pratica-de-limpeza-e-descontaminacao-de-materiais-osteologicos-em-conjunto-com-a-equipe-tecnica-do-Inbio-Camila-Carla-150x150.png\" class=\"attachment-thumbnail size-thumbnail\" alt=\"\" aria-describedby=\"gallery-1-145\" \/><\/a>\n\t\t\t<\/dt>\n\t\t\t\t<dd class='wp-caption-text gallery-caption' id='gallery-1-145'>\n\t\t\t\tPesquisadora Ana Goes em uma sess\u00e3o pr\u00e1tica de limpeza e descontamina\u00e7\u00e3o de materiais osteol\u00f3gicos, em conjunto com a equipe do INBIO (Camila, Carla e D\u00e9bora) e a professora Priscila Lini. (23\/08\/2023)\n\t\t\t\t<\/dd><\/dl><dl class='gallery-item'>\n\t\t\t<dt class='gallery-icon landscape'>\n\t\t\t\t<a href='https:\/\/labfor-fach.ufms.br\/en\/galeria-do-labfor\/a-pesquisadora-do-labfor-janaina-perozzi-participando-da-atividade-preparatoria-de-escavacao-promovida-pelos-parceiros-do-atrivmufms-e-da-trilha-rupestre-ufms\/'><img loading=\"lazy\" decoding=\"async\" width=\"150\" height=\"150\" src=\"https:\/\/labfor-fach.ufms.br\/files\/2023\/11\/A-pesquisadora-do-LABFOR-Janaina-Perozzi-participando-da-atividade-preparatoria-de-escavacao-promovida-pelos-parceiros-do-Atrivmufms-e-da-Trilha-Rupestre-UFMS.-150x150.png\" class=\"attachment-thumbnail size-thumbnail\" alt=\"\" aria-describedby=\"gallery-1-143\" srcset=\"https:\/\/labfor-fach.ufms.br\/files\/2023\/11\/A-pesquisadora-do-LABFOR-Janaina-Perozzi-participando-da-atividade-preparatoria-de-escavacao-promovida-pelos-parceiros-do-Atrivmufms-e-da-Trilha-Rupestre-UFMS.-150x150.png 150w, https:\/\/labfor-fach.ufms.br\/files\/2023\/11\/A-pesquisadora-do-LABFOR-Janaina-Perozzi-participando-da-atividade-preparatoria-de-escavacao-promovida-pelos-parceiros-do-Atrivmufms-e-da-Trilha-Rupestre-UFMS.-300x300.png 300w, https:\/\/labfor-fach.ufms.br\/files\/2023\/11\/A-pesquisadora-do-LABFOR-Janaina-Perozzi-participando-da-atividade-preparatoria-de-escavacao-promovida-pelos-parceiros-do-Atrivmufms-e-da-Trilha-Rupestre-UFMS.-320x320.png 320w, https:\/\/labfor-fach.ufms.br\/files\/2023\/11\/A-pesquisadora-do-LABFOR-Janaina-Perozzi-participando-da-atividade-preparatoria-de-escavacao-promovida-pelos-parceiros-do-Atrivmufms-e-da-Trilha-Rupestre-UFMS..png 594w\" sizes=\"(max-width: 150px) 100vw, 150px\" \/><\/a>\n\t\t\t<\/dt>\n\t\t\t\t<dd class='wp-caption-text gallery-caption' id='gallery-1-143'>\n\t\t\t\tA pesquisadora do LABFOR, Jana\u00edna Perozzi, participou da atividade preparat\u00f3ria de escava\u00e7\u00e3o promovida pelos parceiros do ATRIVM e da Trilha Rupestre UFMS.(18\/08\/2023)\n\t\t\t\t<\/dd><\/dl><br style=\"clear: both\" \/>\n\t\t<\/div>\n\n","protected":false},"excerpt":{"rendered":"","protected":false},"author":37246,"featured_media":0,"parent":0,"menu_order":0,"comment_status":"closed","ping_status":"closed","template":"","meta":{"footnotes":""},"coauthors":[],"class_list":["post-175","page","type-page","status-publish","hentry"],"_links":{"self":[{"href":"https:\/\/labfor-fach.ufms.br\/en\/wp-json\/wp\/v2\/pages\/175","targetHints":{"allow":["GET"]}}],"collection":[{"href":"https:\/\/labfor-fach.ufms.br\/en\/wp-json\/wp\/v2\/pages"}],"about":[{"href":"https:\/\/labfor-fach.ufms.br\/en\/wp-json\/wp\/v2\/types\/page"}],"author":[{"embeddable":true,"href":"https:\/\/labfor-fach.ufms.br\/en\/wp-json\/wp\/v2\/users\/37246"}],"replies":[{"embeddable":true,"href":"https:\/\/labfor-fach.ufms.br\/en\/wp-json\/wp\/v2\/comments?post=175"}],"version-history":[{"count":8,"href":"https:\/\/labfor-fach.ufms.br\/en\/wp-json\/wp\/v2\/pages\/175\/revisions"}],"predecessor-version":[{"id":339,"href":"https:\/\/labfor-fach.ufms.br\/en\/wp-json\/wp\/v2\/pages\/175\/revisions\/339"}],"wp:attachment":[{"href":"https:\/\/labfor-fach.ufms.br\/en\/wp-json\/wp\/v2\/media?parent=175"}],"wp:term":[{"taxonomy":"author","embeddable":true,"href":"https:\/\/labfor-fach.ufms.br\/en\/wp-json\/wp\/v2\/coauthors?post=175"}],"curies":[{"name":"wp","href":"https:\/\/api.w.org\/{rel}","templated":true}]}}