{"id":113,"date":"2023-11-27T20:21:12","date_gmt":"2023-11-28T00:21:12","guid":{"rendered":"https:\/\/labfor-fach.ufms.br\/?page_id=113"},"modified":"2023-12-06T13:19:08","modified_gmt":"2023-12-06T17:19:08","slug":"galeria-do-labfor","status":"publish","type":"page","link":"https:\/\/labfor-fach.ufms.br\/en\/galeria-do-labfor\/","title":{"rendered":"Galeria do LABFOR"},"content":{"rendered":"<p>Bem-vindo \u00e0 Galeria do laborat\u00f3rio de Bioantropologia e Antropologia Forense, um espa\u00e7o que reflete a ess\u00eancia colaborativa do laborat\u00f3rio. Atrav\u00e9s da galeria, convidamos voc\u00ea a participar de nossas descobertas e ser parte integrante da busca pela verdade que ressoa atrav\u00e9s das ci\u00eancias forenses.<\/p>\n<p>&nbsp;<\/p>\n","protected":false},"excerpt":{"rendered":"<p>Bem-vindo \u00e0 Galeria do laborat\u00f3rio de Bioantropologia e Antropologia Forense, um espa\u00e7o que reflete a ess\u00eancia colaborativa do laborat\u00f3rio. Atrav\u00e9s da galeria, convidamos voc\u00ea a participar de nossas descobertas e ser parte integrante da busca pela verdade que ressoa atrav\u00e9s das ci\u00eancias forenses. &nbsp;<\/p>\n","protected":false},"author":37246,"featured_media":0,"parent":0,"menu_order":0,"comment_status":"closed","ping_status":"closed","template":"","meta":{"footnotes":""},"coauthors":[],"class_list":["post-113","page","type-page","status-publish","hentry"],"_links":{"self":[{"href":"https:\/\/labfor-fach.ufms.br\/en\/wp-json\/wp\/v2\/pages\/113","targetHints":{"allow":["GET"]}}],"collection":[{"href":"https:\/\/labfor-fach.ufms.br\/en\/wp-json\/wp\/v2\/pages"}],"about":[{"href":"https:\/\/labfor-fach.ufms.br\/en\/wp-json\/wp\/v2\/types\/page"}],"author":[{"embeddable":true,"href":"https:\/\/labfor-fach.ufms.br\/en\/wp-json\/wp\/v2\/users\/37246"}],"replies":[{"embeddable":true,"href":"https:\/\/labfor-fach.ufms.br\/en\/wp-json\/wp\/v2\/comments?post=113"}],"version-history":[{"count":7,"href":"https:\/\/labfor-fach.ufms.br\/en\/wp-json\/wp\/v2\/pages\/113\/revisions"}],"predecessor-version":[{"id":220,"href":"https:\/\/labfor-fach.ufms.br\/en\/wp-json\/wp\/v2\/pages\/113\/revisions\/220"}],"wp:attachment":[{"href":"https:\/\/labfor-fach.ufms.br\/en\/wp-json\/wp\/v2\/media?parent=113"}],"wp:term":[{"taxonomy":"author","embeddable":true,"href":"https:\/\/labfor-fach.ufms.br\/en\/wp-json\/wp\/v2\/coauthors?post=113"}],"curies":[{"name":"wp","href":"https:\/\/api.w.org\/{rel}","templated":true}]}}